{"id":13275,"date":"2025-04-22T14:34:29","date_gmt":"2025-04-22T12:34:29","guid":{"rendered":"https:\/\/www.idhc.org\/?page_id=13275"},"modified":"2025-04-22T14:34:35","modified_gmt":"2025-04-22T12:34:35","slug":"el-comite-de-derechos-humanos-revisa-al-estado-espanol","status":"publish","type":"page","link":"https:\/\/www.idhc.org\/es\/el-comite-de-derechos-humanos-revisa-al-estado-espanol\/","title":{"rendered":"El Comit\u00e9 de Derechos Humanos revisa al Estado espa\u00f1ol"},"content":{"rendered":"\n<p>El <a href=\"https:\/\/www.ohchr.org\/en\/treaty-bodies\/ccpr\" target=\"_blank\" rel=\"noreferrer noopener\">Comit\u00e9 de Derechos Humanos de las Naciones Unidas<\/a> (CCPR) evaluar\u00e1 a Espa\u00f1a en su 144\u00aa sesi\u00f3n, que se celebrar\u00e1 del 23 de junio al 25 de julio de 2025.<\/p>\n\n\n\n<p>El CCPR es el \u00f3rgano encargado de supervisar el cumplimiento del <a href=\"https:\/\/www.ohchr.org\/en\/instruments-mechanisms\/instruments\/international-covenant-civil-and-political-rights\" target=\"_blank\" rel=\"noreferrer noopener\">Pacto Internacional de Derechos Civiles y Pol\u00edticos<\/a> (PIDCP). Para ello, el Estado espa\u00f1ol ha remitido un informe en respuesta a una serie de cuestiones previas planteadas por el Comit\u00e9.<\/p>\n\n\n\n<p>Las organizaciones de la sociedad civil, as\u00ed como otras instituciones de derechos humanos, tambi\u00e9n pueden participar en el proceso de revisi\u00f3n mediante la elaboraci\u00f3n de sus propios informes, conocidos como informes alternativos, que tienen como objetivo complementar y contrastar la informaci\u00f3n presentada por el Estado. <strong>El plazo para enviar estas contribuciones finaliza el pr\u00f3ximo 26 de mayo.<\/strong><\/p>\n\n\n\n<p>El IDHC enviar\u00e1 pr\u00f3ximamente su informe alternativo y realizar\u00e1 un seguimiento tanto del proceso de revisi\u00f3n como de las observaciones finales que emita el Comit\u00e9.<\/p>\n\n\n\n<div class=\"wp-block-buttons is-layout-flex wp-block-buttons-is-layout-flex\">\n<div class=\"wp-block-button has-custom-width wp-block-button__width-100\"><a class=\"wp-block-button__link wp-element-button\" href=\"https:\/\/tbinternet.ohchr.org\/_layouts\/15\/treatybodyexternal\/SessionDetails1.aspx?SessionID=2824&amp;Lang=sp\" style=\"border-radius:0px\" target=\"_blank\" rel=\"noreferrer noopener\">Toda la documentaci\u00f3n del proceso de revisi\u00f3n pueden consultarse aqu\u00ed<\/a><\/div>\n<\/div>\n","protected":false},"excerpt":{"rendered":"<p>El Comit\u00e9 de Derechos Humanos de las Naciones Unidas (CCPR) evaluar\u00e1 a Espa\u00f1a en su 144\u00aa sesi\u00f3n, que se celebrar\u00e1 del 23 de junio al 25<span class=\"excerpt-hellip\"> [\u2026]<\/span><\/p>\n","protected":false},"author":2,"featured_media":6786,"parent":0,"menu_order":0,"comment_status":"closed","ping_status":"closed","template":"","meta":{"_acf_changed":false,"footnotes":""},"class_list":["post-13275","page","type-page","status-publish","has-post-thumbnail","hentry"],"acf":[],"yoast_head":"<!-- This site is optimized with the Yoast SEO plugin v27.3 - https:\/\/yoast.com\/product\/yoast-seo-wordpress\/ -->\n<title>El Comit\u00e9 de Derechos Humanos revisa al Estado espa\u00f1ol - IDHC<\/title>\n<meta name=\"description\" content=\"El CCPR es el \u00f3rgano encargado de supervisar el cumplimiento del Pacto Internacional de Derechos Civiles y Pol\u00edticos (PIDCP)\" \/>\n<meta name=\"robots\" content=\"index, follow, max-snippet:-1, max-image-preview:large, max-video-preview:-1\" \/>\n<link rel=\"canonical\" href=\"https:\/\/www.idhc.org\/es\/el-comite-de-derechos-humanos-revisa-al-estado-espanol\/\" \/>\n<meta property=\"og:locale\" content=\"es_ES\" \/>\n<meta property=\"og:type\" content=\"article\" \/>\n<meta property=\"og:title\" content=\"El Comit\u00e9 de Derechos Humanos revisa al Estado espa\u00f1ol - IDHC\" \/>\n<meta property=\"og:description\" content=\"El CCPR es el \u00f3rgano encargado de supervisar el cumplimiento del Pacto Internacional de Derechos Civiles y Pol\u00edticos (PIDCP)\" \/>\n<meta property=\"og:url\" content=\"https:\/\/www.idhc.org\/es\/el-comite-de-derechos-humanos-revisa-al-estado-espanol\/\" \/>\n<meta property=\"og:site_name\" content=\"IDHC\" \/>\n<meta property=\"article:publisher\" content=\"https:\/\/www.facebook.com\/institut.drets.humans.catalunya\" \/>\n<meta property=\"article:modified_time\" content=\"2025-04-22T12:34:35+00:00\" \/>\n<meta property=\"og:image\" content=\"https:\/\/www.idhc.org\/wp-content\/uploads\/1434538574-epu-2.jpg\" \/>\n\t<meta property=\"og:image:width\" content=\"500\" \/>\n\t<meta property=\"og:image:height\" content=\"375\" \/>\n\t<meta property=\"og:image:type\" content=\"image\/jpeg\" \/>\n<meta name=\"twitter:card\" content=\"summary_large_image\" \/>\n<meta name=\"twitter:site\" content=\"@institut_IDHC\" \/>\n<meta name=\"twitter:label1\" content=\"Tiempo de lectura\" \/>\n\t<meta name=\"twitter:data1\" content=\"2 minutos\" \/>\n<script type=\"application\/ld+json\" class=\"yoast-schema-graph\">{\"@context\":\"https:\\\/\\\/schema.org\",\"@graph\":[{\"@type\":\"WebPage\",\"@id\":\"https:\\\/\\\/www.idhc.org\\\/es\\\/el-comite-de-derechos-humanos-revisa-al-estado-espanol\\\/\",\"url\":\"https:\\\/\\\/www.idhc.org\\\/es\\\/el-comite-de-derechos-humanos-revisa-al-estado-espanol\\\/\",\"name\":\"El Comit\u00e9 de Derechos Humanos revisa al Estado espa\u00f1ol - IDHC\",\"isPartOf\":{\"@id\":\"https:\\\/\\\/www.idhc.org\\\/es\\\/#website\"},\"primaryImageOfPage\":{\"@id\":\"https:\\\/\\\/www.idhc.org\\\/es\\\/el-comite-de-derechos-humanos-revisa-al-estado-espanol\\\/#primaryimage\"},\"image\":{\"@id\":\"https:\\\/\\\/www.idhc.org\\\/es\\\/el-comite-de-derechos-humanos-revisa-al-estado-espanol\\\/#primaryimage\"},\"thumbnailUrl\":\"https:\\\/\\\/www.idhc.org\\\/wp-content\\\/uploads\\\/1434538574-epu-2.jpg\",\"datePublished\":\"2025-04-22T12:34:29+00:00\",\"dateModified\":\"2025-04-22T12:34:35+00:00\",\"description\":\"El CCPR es el \u00f3rgano encargado de supervisar el cumplimiento del Pacto Internacional de Derechos Civiles y Pol\u00edticos (PIDCP)\",\"breadcrumb\":{\"@id\":\"https:\\\/\\\/www.idhc.org\\\/es\\\/el-comite-de-derechos-humanos-revisa-al-estado-espanol\\\/#breadcrumb\"},\"inLanguage\":\"es\",\"potentialAction\":[{\"@type\":\"ReadAction\",\"target\":[\"https:\\\/\\\/www.idhc.org\\\/es\\\/el-comite-de-derechos-humanos-revisa-al-estado-espanol\\\/\"]}]},{\"@type\":\"ImageObject\",\"inLanguage\":\"es\",\"@id\":\"https:\\\/\\\/www.idhc.org\\\/es\\\/el-comite-de-derechos-humanos-revisa-al-estado-espanol\\\/#primaryimage\",\"url\":\"https:\\\/\\\/www.idhc.org\\\/wp-content\\\/uploads\\\/1434538574-epu-2.jpg\",\"contentUrl\":\"https:\\\/\\\/www.idhc.org\\\/wp-content\\\/uploads\\\/1434538574-epu-2.jpg\",\"width\":500,\"height\":375},{\"@type\":\"BreadcrumbList\",\"@id\":\"https:\\\/\\\/www.idhc.org\\\/es\\\/el-comite-de-derechos-humanos-revisa-al-estado-espanol\\\/#breadcrumb\",\"itemListElement\":[{\"@type\":\"ListItem\",\"position\":1,\"name\":\"Inici\",\"item\":\"https:\\\/\\\/www.idhc.org\\\/es\\\/\"},{\"@type\":\"ListItem\",\"position\":2,\"name\":\"El Comit\u00e9 de Derechos Humanos revisa al Estado espa\u00f1ol\"}]},{\"@type\":\"WebSite\",\"@id\":\"https:\\\/\\\/www.idhc.org\\\/es\\\/#website\",\"url\":\"https:\\\/\\\/www.idhc.org\\\/es\\\/\",\"name\":\"Institut de Drets Humans de Catalunya\",\"description\":\"\",\"alternateName\":\"IDHC\",\"potentialAction\":[{\"@type\":\"SearchAction\",\"target\":{\"@type\":\"EntryPoint\",\"urlTemplate\":\"https:\\\/\\\/www.idhc.org\\\/es\\\/?s={search_term_string}\"},\"query-input\":{\"@type\":\"PropertyValueSpecification\",\"valueRequired\":true,\"valueName\":\"search_term_string\"}}],\"inLanguage\":\"es\"}]}<\/script>\n<!-- \/ Yoast SEO plugin. -->","yoast_head_json":{"title":"El Comit\u00e9 de Derechos Humanos revisa al Estado espa\u00f1ol - IDHC","description":"El CCPR es el \u00f3rgano encargado de supervisar el cumplimiento del Pacto Internacional de Derechos Civiles y Pol\u00edticos (PIDCP)","robots":{"index":"index","follow":"follow","max-snippet":"max-snippet:-1","max-image-preview":"max-image-preview:large","max-video-preview":"max-video-preview:-1"},"canonical":"https:\/\/www.idhc.org\/es\/el-comite-de-derechos-humanos-revisa-al-estado-espanol\/","og_locale":"es_ES","og_type":"article","og_title":"El Comit\u00e9 de Derechos Humanos revisa al Estado espa\u00f1ol - IDHC","og_description":"El CCPR es el \u00f3rgano encargado de supervisar el cumplimiento del Pacto Internacional de Derechos Civiles y Pol\u00edticos (PIDCP)","og_url":"https:\/\/www.idhc.org\/es\/el-comite-de-derechos-humanos-revisa-al-estado-espanol\/","og_site_name":"IDHC","article_publisher":"https:\/\/www.facebook.com\/institut.drets.humans.catalunya","article_modified_time":"2025-04-22T12:34:35+00:00","og_image":[{"width":500,"height":375,"url":"https:\/\/www.idhc.org\/wp-content\/uploads\/1434538574-epu-2.jpg","type":"image\/jpeg"}],"twitter_card":"summary_large_image","twitter_site":"@institut_IDHC","twitter_misc":{"Tiempo de lectura":"2 minutos"},"schema":{"@context":"https:\/\/schema.org","@graph":[{"@type":"WebPage","@id":"https:\/\/www.idhc.org\/es\/el-comite-de-derechos-humanos-revisa-al-estado-espanol\/","url":"https:\/\/www.idhc.org\/es\/el-comite-de-derechos-humanos-revisa-al-estado-espanol\/","name":"El Comit\u00e9 de Derechos Humanos revisa al Estado espa\u00f1ol - IDHC","isPartOf":{"@id":"https:\/\/www.idhc.org\/es\/#website"},"primaryImageOfPage":{"@id":"https:\/\/www.idhc.org\/es\/el-comite-de-derechos-humanos-revisa-al-estado-espanol\/#primaryimage"},"image":{"@id":"https:\/\/www.idhc.org\/es\/el-comite-de-derechos-humanos-revisa-al-estado-espanol\/#primaryimage"},"thumbnailUrl":"https:\/\/www.idhc.org\/wp-content\/uploads\/1434538574-epu-2.jpg","datePublished":"2025-04-22T12:34:29+00:00","dateModified":"2025-04-22T12:34:35+00:00","description":"El CCPR es el \u00f3rgano encargado de supervisar el cumplimiento del Pacto Internacional de Derechos Civiles y Pol\u00edticos (PIDCP)","breadcrumb":{"@id":"https:\/\/www.idhc.org\/es\/el-comite-de-derechos-humanos-revisa-al-estado-espanol\/#breadcrumb"},"inLanguage":"es","potentialAction":[{"@type":"ReadAction","target":["https:\/\/www.idhc.org\/es\/el-comite-de-derechos-humanos-revisa-al-estado-espanol\/"]}]},{"@type":"ImageObject","inLanguage":"es","@id":"https:\/\/www.idhc.org\/es\/el-comite-de-derechos-humanos-revisa-al-estado-espanol\/#primaryimage","url":"https:\/\/www.idhc.org\/wp-content\/uploads\/1434538574-epu-2.jpg","contentUrl":"https:\/\/www.idhc.org\/wp-content\/uploads\/1434538574-epu-2.jpg","width":500,"height":375},{"@type":"BreadcrumbList","@id":"https:\/\/www.idhc.org\/es\/el-comite-de-derechos-humanos-revisa-al-estado-espanol\/#breadcrumb","itemListElement":[{"@type":"ListItem","position":1,"name":"Inici","item":"https:\/\/www.idhc.org\/es\/"},{"@type":"ListItem","position":2,"name":"El Comit\u00e9 de Derechos Humanos revisa al Estado espa\u00f1ol"}]},{"@type":"WebSite","@id":"https:\/\/www.idhc.org\/es\/#website","url":"https:\/\/www.idhc.org\/es\/","name":"Institut de Drets Humans de Catalunya","description":"","alternateName":"IDHC","potentialAction":[{"@type":"SearchAction","target":{"@type":"EntryPoint","urlTemplate":"https:\/\/www.idhc.org\/es\/?s={search_term_string}"},"query-input":{"@type":"PropertyValueSpecification","valueRequired":true,"valueName":"search_term_string"}}],"inLanguage":"es"}]}},"_links":{"self":[{"href":"https:\/\/www.idhc.org\/es\/wp-json\/wp\/v2\/pages\/13275","targetHints":{"allow":["GET"]}}],"collection":[{"href":"https:\/\/www.idhc.org\/es\/wp-json\/wp\/v2\/pages"}],"about":[{"href":"https:\/\/www.idhc.org\/es\/wp-json\/wp\/v2\/types\/page"}],"author":[{"embeddable":true,"href":"https:\/\/www.idhc.org\/es\/wp-json\/wp\/v2\/users\/2"}],"replies":[{"embeddable":true,"href":"https:\/\/www.idhc.org\/es\/wp-json\/wp\/v2\/comments?post=13275"}],"version-history":[{"count":1,"href":"https:\/\/www.idhc.org\/es\/wp-json\/wp\/v2\/pages\/13275\/revisions"}],"predecessor-version":[{"id":13276,"href":"https:\/\/www.idhc.org\/es\/wp-json\/wp\/v2\/pages\/13275\/revisions\/13276"}],"wp:featuredmedia":[{"embeddable":true,"href":"https:\/\/www.idhc.org\/es\/wp-json\/wp\/v2\/media\/6786"}],"wp:attachment":[{"href":"https:\/\/www.idhc.org\/es\/wp-json\/wp\/v2\/media?parent=13275"}],"curies":[{"name":"wp","href":"https:\/\/api.w.org\/{rel}","templated":true}]}}